{"id":20,"date":"2021-01-21T17:42:39","date_gmt":"2021-01-21T17:42:39","guid":{"rendered":"http:\/\/energiaverdeintegral.com\/webevi\/?page_id=20"},"modified":"2021-02-14T19:23:36","modified_gmt":"2021-02-14T19:23:36","slug":"emrpesa","status":"publish","type":"page","link":"http:\/\/jotelenergia.com\/index.php\/emrpesa\/","title":{"rendered":"Empresa"},"content":{"rendered":"\n<p>Partimos de la necesidad en el mercado de posicionar una empresa instaladora de energ\u00edas renovables con experiencia profesional en el \u00e1mbito de energ\u00eda fotovoltaica para todo el territorio nacional, junto con el deseo de crear una empresa dedicada a Instalaciones especializada , aunque contamos con la Experiencia y Capacidad de un equipo T\u00e9cnico\/Humano que se adapta f\u00e1cilmente a las nuevas necesidades Tecnol\u00f3gicas en los tiempos actuales, permitiendo analizar las necesidades de cada Cliente y posteriormente realizar las propuestas m\u00e1s id\u00f3neas, as\u00ed como su asesoramiento.<\/p>\n\n\n\n<div class=\"wp-block-image is-style-rounded\"><figure class=\"aligncenter size-large is-resized\"><img loading=\"lazy\" decoding=\"async\" src=\"http:\/\/energiaverdeintegral.com\/wp-content\/uploads\/2021\/02\/photovoltaic-2138992_1920-1024x673.jpg\" alt=\"\" class=\"wp-image-73\" width=\"512\" height=\"337\" srcset=\"http:\/\/jotelenergia.com\/wp-content\/uploads\/2021\/02\/photovoltaic-2138992_1920-1024x673.jpg 1024w, http:\/\/jotelenergia.com\/wp-content\/uploads\/2021\/02\/photovoltaic-2138992_1920-300x197.jpg 300w, http:\/\/jotelenergia.com\/wp-content\/uploads\/2021\/02\/photovoltaic-2138992_1920-768x505.jpg 768w, http:\/\/jotelenergia.com\/wp-content\/uploads\/2021\/02\/photovoltaic-2138992_1920-1536x1010.jpg 1536w, http:\/\/jotelenergia.com\/wp-content\/uploads\/2021\/02\/photovoltaic-2138992_1920-1643x1080.jpg 1643w, http:\/\/jotelenergia.com\/wp-content\/uploads\/2021\/02\/photovoltaic-2138992_1920.jpg 1920w\" sizes=\"auto, (max-width: 512px) 100vw, 512px\" \/><\/figure><\/div>\n\n\n\n<h3 class=\"wp-block-heading\">Mirando hacia el futuro<\/h3>\n\n\n\n<p>El futuro de nuestra Entidad no puede ser m\u00e1s alentador, lo que nos anima a no escatimar esfuerzo en nuestro trabajo de cada d\u00eda, y con \u00e9ste esp\u00edritu de constancia en realizar los&nbsp; trabajos de forma \u00f3ptima esperamos ofrecer a nuestros Clientes, el servicio y calidad que merecen.<br>Recuerde, si necesita la colaboraci\u00f3n en alg\u00fan proyecto para cumplir sus expectativas, tiempos, calidad, etc&#8230;&nbsp;&nbsp;<strong>Estamos a su servicio las 24H 365 d\u00edas del A\u00f1o<\/strong>.<\/p>\n","protected":false},"excerpt":{"rendered":"<p>Partimos de la necesidad en el mercado de posicionar una empresa instaladora de energ\u00edas renovables con experiencia profesional en el \u00e1mbito de energ\u00eda fotovoltaica para todo el territorio nacional, junto con el deseo de crear una empresa dedicada a Instalaciones especializada , aunque contamos con la Experiencia y Capacidad de un equipo T\u00e9cnico\/Humano que se&hellip; <br \/> <a class=\"read-more\" href=\"http:\/\/jotelenergia.com\/index.php\/emrpesa\/\">Leer m\u00e1s<\/a><\/p>\n","protected":false},"author":1,"featured_media":0,"parent":0,"menu_order":0,"comment_status":"closed","ping_status":"closed","template":"","meta":{"footnotes":""},"class_list":["post-20","page","type-page","status-publish","hentry"],"_links":{"self":[{"href":"http:\/\/jotelenergia.com\/index.php\/wp-json\/wp\/v2\/pages\/20","targetHints":{"allow":["GET"]}}],"collection":[{"href":"http:\/\/jotelenergia.com\/index.php\/wp-json\/wp\/v2\/pages"}],"about":[{"href":"http:\/\/jotelenergia.com\/index.php\/wp-json\/wp\/v2\/types\/page"}],"author":[{"embeddable":true,"href":"http:\/\/jotelenergia.com\/index.php\/wp-json\/wp\/v2\/users\/1"}],"replies":[{"embeddable":true,"href":"http:\/\/jotelenergia.com\/index.php\/wp-json\/wp\/v2\/comments?post=20"}],"version-history":[{"count":9,"href":"http:\/\/jotelenergia.com\/index.php\/wp-json\/wp\/v2\/pages\/20\/revisions"}],"predecessor-version":[{"id":79,"href":"http:\/\/jotelenergia.com\/index.php\/wp-json\/wp\/v2\/pages\/20\/revisions\/79"}],"wp:attachment":[{"href":"http:\/\/jotelenergia.com\/index.php\/wp-json\/wp\/v2\/media?parent=20"}],"curies":[{"name":"wp","href":"https:\/\/api.w.org\/{rel}","templated":true}]}}