{"id":26,"date":"2021-01-21T17:48:55","date_gmt":"2021-01-21T17:48:55","guid":{"rendered":"http:\/\/energiaverdeintegral.com\/webevi\/?page_id=26"},"modified":"2021-01-21T17:48:55","modified_gmt":"2021-01-21T17:48:55","slug":"nuestra-organizacion","status":"publish","type":"page","link":"http:\/\/jotelenergia.com\/index.php\/nuestra-organizacion\/","title":{"rendered":"Nuestra Organizaci\u00f3n"},"content":{"rendered":"\n<p>Hemos realizado una exhaustiva selecci\u00f3n de personal, seleccionando al personal entre profesionales con experiencia, consiguiendo de esta forma una plantilla capaz de acometer cualquier tipo de actividad relacionada con nuestro objetivo social en condiciones de competencia.<br>En cuanto a los medios mec\u00e1nicos, realizamos las inversiones necesarias para dotar a nuestra Empresa de equipos de herramientas, maquinarias y veh\u00edculos, con los que desarrollar esta labor en condiciones de m\u00e1xima seguridad y eficacia.<br>El conocimiento por parte de varios clientes de nuestra presencia en mercado y las ventajas que ello conlleva como son la experiencia en el sector, en la provincia y Cobertura a todo el Territorio Nacional y adaptaci\u00f3n a sus necesidades, nos ha llevado a entrar a colaborar como subcontrata en varios proyectos en el sector, y lo que es m\u00e1s importante, a la satisfacci\u00f3n constante de nuestros clientes.<\/p>\n","protected":false},"excerpt":{"rendered":"<p>Hemos realizado una exhaustiva selecci\u00f3n de personal, seleccionando al personal entre profesionales con experiencia, consiguiendo de esta forma una plantilla capaz de acometer cualquier tipo de actividad relacionada con nuestro objetivo social en condiciones de competencia.En cuanto a los medios mec\u00e1nicos, realizamos las inversiones necesarias para dotar a nuestra Empresa de equipos de herramientas, maquinarias&hellip; <br \/> <a class=\"read-more\" href=\"http:\/\/jotelenergia.com\/index.php\/nuestra-organizacion\/\">Leer m\u00e1s<\/a><\/p>\n","protected":false},"author":1,"featured_media":0,"parent":0,"menu_order":0,"comment_status":"closed","ping_status":"closed","template":"","meta":{"footnotes":""},"class_list":["post-26","page","type-page","status-publish","hentry"],"_links":{"self":[{"href":"http:\/\/jotelenergia.com\/index.php\/wp-json\/wp\/v2\/pages\/26","targetHints":{"allow":["GET"]}}],"collection":[{"href":"http:\/\/jotelenergia.com\/index.php\/wp-json\/wp\/v2\/pages"}],"about":[{"href":"http:\/\/jotelenergia.com\/index.php\/wp-json\/wp\/v2\/types\/page"}],"author":[{"embeddable":true,"href":"http:\/\/jotelenergia.com\/index.php\/wp-json\/wp\/v2\/users\/1"}],"replies":[{"embeddable":true,"href":"http:\/\/jotelenergia.com\/index.php\/wp-json\/wp\/v2\/comments?post=26"}],"version-history":[{"count":1,"href":"http:\/\/jotelenergia.com\/index.php\/wp-json\/wp\/v2\/pages\/26\/revisions"}],"predecessor-version":[{"id":27,"href":"http:\/\/jotelenergia.com\/index.php\/wp-json\/wp\/v2\/pages\/26\/revisions\/27"}],"wp:attachment":[{"href":"http:\/\/jotelenergia.com\/index.php\/wp-json\/wp\/v2\/media?parent=26"}],"curies":[{"name":"wp","href":"https:\/\/api.w.org\/{rel}","templated":true}]}}